{"id":9526,"date":"2019-10-07T17:14:44","date_gmt":"2019-10-07T17:14:44","guid":{"rendered":"https:\/\/rm.f11demo.com\/about-dubai-us\/"},"modified":"2021-11-10T03:08:34","modified_gmt":"2021-11-09T23:08:34","slug":"uber-uns","status":"publish","type":"page","link":"https:\/\/royalmiragetours.com\/de\/uber-uns\/","title":{"rendered":"\u00dcber uns"},"content":{"rendered":"\t\t<div data-elementor-type=\"wp-page\" data-elementor-id=\"9526\" class=\"elementor elementor-9526\" data-elementor-post-type=\"page\">\n\t\t\t\t\t\t<section class=\"elementor-section elementor-top-section elementor-element elementor-element-57cea60 elementor-section-stretched elementor-section-full_width elementor-section-height-default elementor-section-height-default\" data-id=\"57cea60\" data-element_type=\"section\" data-e-type=\"section\" id=\"top_shape\" data-settings=\"{&quot;background_background&quot;:&quot;classic&quot;,&quot;stretch_section&quot;:&quot;section-stretched&quot;}\">\n\t\t\t\t\t\t<div class=\"elementor-container elementor-column-gap-default\">\n\t\t\t\t\t<div class=\"elementor-column elementor-col-100 elementor-top-column elementor-element elementor-element-5c0d831\" data-id=\"5c0d831\" data-element_type=\"column\" data-e-type=\"column\">\n\t\t\t<div class=\"elementor-widget-wrap\">\n\t\t\t\t\t\t\t<\/div>\n\t\t<\/div>\n\t\t\t\t\t<\/div>\n\t\t<\/section>\n\t\t\t\t<section class=\"elementor-section elementor-top-section elementor-element elementor-element-472c501 elementor-section-full_width elementor-section-content-middle elementor-section-height-default elementor-section-height-default\" data-id=\"472c501\" data-element_type=\"section\" data-e-type=\"section\" data-settings=\"{&quot;background_background&quot;:&quot;classic&quot;}\">\n\t\t\t\t\t\t<div class=\"elementor-container elementor-column-gap-default\">\n\t\t\t\t\t<div class=\"elementor-column elementor-col-33 elementor-top-column elementor-element elementor-element-2d8e987\" data-id=\"2d8e987\" data-element_type=\"column\" data-e-type=\"column\">\n\t\t\t<div class=\"elementor-widget-wrap\">\n\t\t\t\t\t\t\t<\/div>\n\t\t<\/div>\n\t\t\t\t<div class=\"elementor-column elementor-col-33 elementor-top-column elementor-element elementor-element-de0159d\" data-id=\"de0159d\" data-element_type=\"column\" data-e-type=\"column\">\n\t\t\t<div class=\"elementor-widget-wrap elementor-element-populated\">\n\t\t\t\t\t\t<div class=\"elementor-element elementor-element-271dba3 gradient-gold elementor-widget elementor-widget-html\" data-id=\"271dba3\" data-element_type=\"widget\" data-e-type=\"widget\" data-widget_type=\"html.default\">\n\t\t\t\t<div class=\"elementor-widget-container\">\n\t\t\t\t\t<em class=\"icon-icon-logo big-icon icon \"><\/em>\t\t\t\t<\/div>\n\t\t\t\t<\/div>\n\t\t\t\t<div class=\"elementor-element elementor-element-1daf60a elementor-widget elementor-widget-heading\" data-id=\"1daf60a\" data-element_type=\"widget\" data-e-type=\"widget\" data-widget_type=\"heading.default\">\n\t\t\t\t<div class=\"elementor-widget-container\">\n\t\t\t\t\t<h1 class=\"elementor-heading-title elementor-size-default\">Wer sind wir?<\/h1>\t\t\t\t<\/div>\n\t\t\t\t<\/div>\n\t\t\t\t<div class=\"elementor-element elementor-element-ac38c07 gradient-gold elementor-invisible elementor-widget elementor-widget-heading\" data-id=\"ac38c07\" data-element_type=\"widget\" data-e-type=\"widget\" data-settings=\"{&quot;_animation&quot;:&quot;fadeInUp&quot;}\" data-widget_type=\"heading.default\">\n\t\t\t\t<div class=\"elementor-widget-container\">\n\t\t\t\t\t<h5 class=\"elementor-heading-title elementor-size-default\">DAS ROYAL MIRAGE TOURISM TEAM<\/h5>\t\t\t\t<\/div>\n\t\t\t\t<\/div>\n\t\t\t\t<div class=\"elementor-element elementor-element-ec457e7 elementor-widget elementor-widget-image\" data-id=\"ec457e7\" data-element_type=\"widget\" data-e-type=\"widget\" data-widget_type=\"image.default\">\n\t\t\t\t<div class=\"elementor-widget-container\">\n\t\t\t\t\t\t\t\t\t\t\t\t\t\t\t<img decoding=\"async\" src=\"https:\/\/royalmiragetours.com\/wp-content\/uploads\/elementor\/thumbs\/1symbol-oh1skc1kb9kvekxbn03q181lgyi0rsnrivdudlnf0i.png\" title=\"1symbol\" alt=\"1symbol\" loading=\"lazy\" \/>\t\t\t\t\t\t\t\t\t\t\t\t\t\t\t<\/div>\n\t\t\t\t<\/div>\n\t\t\t\t<div class=\"elementor-element elementor-element-62b7556 elementor-drop-cap-yes custom-list elementor-drop-cap-view-default elementor-widget elementor-widget-text-editor\" data-id=\"62b7556\" data-element_type=\"widget\" data-e-type=\"widget\" data-settings=\"{&quot;drop_cap&quot;:&quot;yes&quot;}\" data-widget_type=\"text-editor.default\">\n\t\t\t\t<div class=\"elementor-widget-container\">\n\t\t\t\t\t\t\t\t\t<p><span class=\"dropcaps \">D<\/span><strong>as Team von Royal Mirage Tourism<\/strong> m\u00f6chte Sie auf abenteuerliche, ma\u00dfgeschneiderte Reisen und perfekt geplante Touren in Dubai und in der Region einladen. Wir f\u00fchren Sie leidenschaftlich durch diese atemberaubende Stadt, die eine Reiselust weckt, die nur wenige Orte auf der Welt erreichen k\u00f6nnen. Gegr\u00fcndet von zwei Expats, die es immer genossen, Familie und Freunden die Emirate zu zeigen und ihren Kunden nach Jahrzehnten Erfahrungen gerne Insider-Informationen sowie luxuri\u00f6sen Komfor bieten, damit jeder eine unvergessliche Zeit verbringt, wenn er die Vereinigten Arabischen Emirate besucht. Wir haben erkannt, dass solche Erfahrungen bei herk\u00f6mmlichen Reiseb\u00fcros nur schwer zu bekommen sind und uns entschieden, ein eigenes Reiseunternehmen zu gr\u00fcnden \u2013 mit dem Unterschied, dass unser Insiderwissen, Gastfreundschaft, au\u00dfergew\u00f6hnlicher Service und wettbewerbsf\u00e4hige Preise uns zu Ihrem vertrauensw\u00fcrdigen Reiseberater in der Region machen.<\/p>\t\t\t\t\t\t\t\t<\/div>\n\t\t\t\t<\/div>\n\t\t\t\t<div class=\"elementor-element elementor-element-ee25df4 elementor-widget elementor-widget-spacer\" data-id=\"ee25df4\" data-element_type=\"widget\" data-e-type=\"widget\" data-widget_type=\"spacer.default\">\n\t\t\t\t<div class=\"elementor-widget-container\">\n\t\t\t\t\t\t\t<div class=\"elementor-spacer\">\n\t\t\t<div class=\"elementor-spacer-inner\"><\/div>\n\t\t<\/div>\n\t\t\t\t\t\t<\/div>\n\t\t\t\t<\/div>\n\t\t\t\t\t<\/div>\n\t\t<\/div>\n\t\t\t\t<div class=\"elementor-column elementor-col-33 elementor-top-column elementor-element elementor-element-ca7ccbc elementor-hidden-phone\" data-id=\"ca7ccbc\" data-element_type=\"column\" data-e-type=\"column\">\n\t\t\t<div class=\"elementor-widget-wrap elementor-element-populated\">\n\t\t\t\t\t\t<div class=\"elementor-element elementor-element-e10e315 elementor-widget elementor-widget-image\" data-id=\"e10e315\" data-element_type=\"widget\" data-e-type=\"widget\" data-widget_type=\"image.default\">\n\t\t\t\t<div class=\"elementor-widget-container\">\n\t\t\t\t\t\t\t\t\t\t\t\t\t\t\t<img decoding=\"async\" width=\"200\" height=\"200\" src=\"https:\/\/royalmiragetours.com\/wp-content\/uploads\/2019\/10\/Untitled-3.png\" class=\"attachment-large size-large wp-image-2175\" alt=\"\" srcset=\"https:\/\/royalmiragetours.com\/wp-content\/uploads\/2019\/10\/Untitled-3.png 200w, https:\/\/royalmiragetours.com\/wp-content\/uploads\/2019\/10\/Untitled-3-150x150.png 150w\" sizes=\"(max-width: 200px) 100vw, 200px\" \/>\t\t\t\t\t\t\t\t\t\t\t\t\t\t\t<\/div>\n\t\t\t\t<\/div>\n\t\t\t\t\t<\/div>\n\t\t<\/div>\n\t\t\t\t\t<\/div>\n\t\t<\/section>\n\t\t\t\t<section class=\"elementor-section elementor-top-section elementor-element elementor-element-bf6e4c1 elementor-section-stretched elementor-section-full_width elementor-section-height-default elementor-section-height-default\" data-id=\"bf6e4c1\" data-element_type=\"section\" data-e-type=\"section\" data-settings=\"{&quot;stretch_section&quot;:&quot;section-stretched&quot;,&quot;background_background&quot;:&quot;classic&quot;}\">\n\t\t\t\t\t\t<div class=\"elementor-container elementor-column-gap-default\">\n\t\t\t\t\t<div class=\"elementor-column elementor-col-100 elementor-top-column elementor-element elementor-element-5021bb2\" data-id=\"5021bb2\" data-element_type=\"column\" data-e-type=\"column\" data-settings=\"{&quot;background_background&quot;:&quot;classic&quot;}\">\n\t\t\t<div class=\"elementor-widget-wrap elementor-element-populated\">\n\t\t\t\t\t\t<div class=\"elementor-element elementor-element-0a825b7 elementor-widget elementor-widget-image\" data-id=\"0a825b7\" data-element_type=\"widget\" data-e-type=\"widget\" data-widget_type=\"image.default\">\n\t\t\t\t<div class=\"elementor-widget-container\">\n\t\t\t\t\t\t\t\t\t\t\t\t\t\t\t<img fetchpriority=\"high\" decoding=\"async\" width=\"1920\" height=\"236\" src=\"https:\/\/royalmiragetours.com\/wp-content\/uploads\/2020\/07\/Frame-Gold.png\" class=\"attachment-full size-full wp-image-6886\" alt=\"\" srcset=\"https:\/\/royalmiragetours.com\/wp-content\/uploads\/2020\/07\/Frame-Gold.png 1920w, https:\/\/royalmiragetours.com\/wp-content\/uploads\/2020\/07\/Frame-Gold-300x37.png 300w, https:\/\/royalmiragetours.com\/wp-content\/uploads\/2020\/07\/Frame-Gold-1024x126.png 1024w, https:\/\/royalmiragetours.com\/wp-content\/uploads\/2020\/07\/Frame-Gold-768x94.png 768w, https:\/\/royalmiragetours.com\/wp-content\/uploads\/2020\/07\/Frame-Gold-1536x189.png 1536w\" sizes=\"(max-width: 1920px) 100vw, 1920px\" \/>\t\t\t\t\t\t\t\t\t\t\t\t\t\t\t<\/div>\n\t\t\t\t<\/div>\n\t\t\t\t\t<\/div>\n\t\t<\/div>\n\t\t\t\t\t<\/div>\n\t\t<\/section>\n\t\t\t\t<section class=\"elementor-section elementor-top-section elementor-element elementor-element-ebeeae0 elementor-section-full_width elementor-section-height-default elementor-section-height-default\" data-id=\"ebeeae0\" data-element_type=\"section\" data-e-type=\"section\" data-settings=\"{&quot;background_background&quot;:&quot;classic&quot;}\">\n\t\t\t\t\t\t<div class=\"elementor-container elementor-column-gap-default\">\n\t\t\t\t\t<div class=\"elementor-column elementor-col-100 elementor-top-column elementor-element elementor-element-d8ab03a\" data-id=\"d8ab03a\" data-element_type=\"column\" data-e-type=\"column\" data-settings=\"{&quot;background_background&quot;:&quot;classic&quot;}\">\n\t\t\t<div class=\"elementor-widget-wrap elementor-element-populated\">\n\t\t\t\t\t\t<div class=\"elementor-element elementor-element-47bf050 elementor-widget elementor-widget-heading\" data-id=\"47bf050\" data-element_type=\"widget\" data-e-type=\"widget\" data-widget_type=\"heading.default\">\n\t\t\t\t<div class=\"elementor-widget-container\">\n\t\t\t\t\t<h1 class=\"elementor-heading-title elementor-size-default\">Warum uns w\u00e4hlen?<\/h1>\t\t\t\t<\/div>\n\t\t\t\t<\/div>\n\t\t\t\t<div class=\"elementor-element elementor-element-3c28cec gradient-gold elementor-invisible elementor-widget elementor-widget-heading\" data-id=\"3c28cec\" data-element_type=\"widget\" data-e-type=\"widget\" data-settings=\"{&quot;_animation&quot;:&quot;fadeInUp&quot;}\" data-widget_type=\"heading.default\">\n\t\t\t\t<div class=\"elementor-widget-container\">\n\t\t\t\t\t<h5 class=\"elementor-heading-title elementor-size-default\">AUSSERGEW\u00d6HNLICHER SERVICE UND GASTFREUNDSCHAFT<\/h5>\t\t\t\t<\/div>\n\t\t\t\t<\/div>\n\t\t\t\t<div class=\"elementor-element elementor-element-57ee6e5 elementor-widget elementor-widget-image\" data-id=\"57ee6e5\" data-element_type=\"widget\" data-e-type=\"widget\" data-widget_type=\"image.default\">\n\t\t\t\t<div class=\"elementor-widget-container\">\n\t\t\t\t\t\t\t\t\t\t\t\t\t\t\t<img decoding=\"async\" src=\"https:\/\/royalmiragetours.com\/wp-content\/uploads\/elementor\/thumbs\/1symbol-oh1skc1kb9kvekxbn03q181lgyi0rsnrivdudlnf0i.png\" title=\"1symbol\" alt=\"1symbol\" loading=\"lazy\" \/>\t\t\t\t\t\t\t\t\t\t\t\t\t\t\t<\/div>\n\t\t\t\t<\/div>\n\t\t\t\t\t<\/div>\n\t\t<\/div>\n\t\t\t\t\t<\/div>\n\t\t<\/section>\n\t\t\t\t<section class=\"elementor-section elementor-top-section elementor-element elementor-element-0a867b8 elementor-section-full_width elementor-section-content-middle elementor-section-height-min-height elementor-section-height-default elementor-section-items-middle\" data-id=\"0a867b8\" data-element_type=\"section\" data-e-type=\"section\" data-settings=\"{&quot;background_background&quot;:&quot;classic&quot;}\">\n\t\t\t\t\t\t<div class=\"elementor-container elementor-column-gap-default\">\n\t\t\t\t\t<div class=\"elementor-column elementor-col-100 elementor-top-column elementor-element elementor-element-3c5559d\" data-id=\"3c5559d\" data-element_type=\"column\" data-e-type=\"column\" data-settings=\"{&quot;background_background&quot;:&quot;classic&quot;}\">\n\t\t\t<div class=\"elementor-widget-wrap elementor-element-populated\">\n\t\t\t\t\t\t<div class=\"elementor-element elementor-element-c010566 elementor-widget elementor-widget-image\" data-id=\"c010566\" data-element_type=\"widget\" data-e-type=\"widget\" data-widget_type=\"image.default\">\n\t\t\t\t<div class=\"elementor-widget-container\">\n\t\t\t\t\t\t\t\t\t\t\t\t\t\t\t<img decoding=\"async\" width=\"1920\" height=\"236\" src=\"https:\/\/royalmiragetours.com\/wp-content\/uploads\/2020\/07\/Frame-Gold-2.png\" class=\"attachment-full size-full wp-image-6887\" alt=\"\" srcset=\"https:\/\/royalmiragetours.com\/wp-content\/uploads\/2020\/07\/Frame-Gold-2.png 1920w, https:\/\/royalmiragetours.com\/wp-content\/uploads\/2020\/07\/Frame-Gold-2-300x37.png 300w, https:\/\/royalmiragetours.com\/wp-content\/uploads\/2020\/07\/Frame-Gold-2-1024x126.png 1024w, https:\/\/royalmiragetours.com\/wp-content\/uploads\/2020\/07\/Frame-Gold-2-768x94.png 768w, https:\/\/royalmiragetours.com\/wp-content\/uploads\/2020\/07\/Frame-Gold-2-1536x189.png 1536w\" sizes=\"(max-width: 1920px) 100vw, 1920px\" \/>\t\t\t\t\t\t\t\t\t\t\t\t\t\t\t<\/div>\n\t\t\t\t<\/div>\n\t\t\t\t<div class=\"elementor-element elementor-element-e3dad41 elementor-widget elementor-widget-spacer\" data-id=\"e3dad41\" data-element_type=\"widget\" data-e-type=\"widget\" data-widget_type=\"spacer.default\">\n\t\t\t\t<div class=\"elementor-widget-container\">\n\t\t\t\t\t\t\t<div class=\"elementor-spacer\">\n\t\t\t<div class=\"elementor-spacer-inner\"><\/div>\n\t\t<\/div>\n\t\t\t\t\t\t<\/div>\n\t\t\t\t<\/div>\n\t\t\t\t<div class=\"elementor-element elementor-element-05ea8dc elementor-widget elementor-widget-heading\" data-id=\"05ea8dc\" data-element_type=\"widget\" data-e-type=\"widget\" data-widget_type=\"heading.default\">\n\t\t\t\t<div class=\"elementor-widget-container\">\n\t\t\t\t\t<h1 class=\"elementor-heading-title elementor-size-default\">Tourdesigner und Reisef\u00fchrer<\/h1>\t\t\t\t<\/div>\n\t\t\t\t<\/div>\n\t\t\t\t<div class=\"elementor-element elementor-element-9347c29 gradient-gold elementor-invisible elementor-widget elementor-widget-heading\" data-id=\"9347c29\" data-element_type=\"widget\" data-e-type=\"widget\" data-settings=\"{&quot;_animation&quot;:&quot;fadeInUp&quot;}\" data-widget_type=\"heading.default\">\n\t\t\t\t<div class=\"elementor-widget-container\">\n\t\t\t\t\t<h5 class=\"elementor-heading-title elementor-size-default\">UNSER GEHEIMNIS F\u00dcR UNVERGESSLICHE TOUREN IST\nEINFACH: LEIDENSCHAFT<\/h5>\t\t\t\t<\/div>\n\t\t\t\t<\/div>\n\t\t\t\t<div class=\"elementor-element elementor-element-f2ac30c elementor-widget elementor-widget-image\" data-id=\"f2ac30c\" data-element_type=\"widget\" data-e-type=\"widget\" data-widget_type=\"image.default\">\n\t\t\t\t<div class=\"elementor-widget-container\">\n\t\t\t\t\t\t\t\t\t\t\t\t\t\t\t<img decoding=\"async\" src=\"https:\/\/royalmiragetours.com\/wp-content\/uploads\/elementor\/thumbs\/1symbol-oh1skc1kb9kvekxbn03q181lgyi0rsnrivdudlnf0i.png\" title=\"1symbol\" alt=\"1symbol\" loading=\"lazy\" \/>\t\t\t\t\t\t\t\t\t\t\t\t\t\t\t<\/div>\n\t\t\t\t<\/div>\n\t\t\t\t<div class=\"elementor-element elementor-element-e0d467e elementor-drop-cap-yes custom-list elementor-drop-cap-view-default elementor-widget elementor-widget-text-editor\" data-id=\"e0d467e\" data-element_type=\"widget\" data-e-type=\"widget\" data-settings=\"{&quot;drop_cap&quot;:&quot;yes&quot;}\" data-widget_type=\"text-editor.default\">\n\t\t\t\t<div class=\"elementor-widget-container\">\n\t\t\t\t\t\t\t\t\t<p><span class=\"dropcaps \">L<\/span>eidenschaft, Expertise und detailliertes Logistikwissen der Tourdesigner verbinden sich zu nahtlos geplanten und inspirierenden Reisen. Unsere Kunden sagen uns oft, dass sie mit Royal Mirage Tourism den \u201eTag ihres Lebens\u201c erlebt haben, aber egal wie oft wir es h\u00f6ren, es wird nicht alt. Das Schaffen von magischen Momenten f\u00fcr unsere Kunden ist der Grund, warum Royal Mirage existiert. Das ist es, was die Arbeit f\u00fcr unsere Reiseleiter lohnend macht und warum so viel Zeit und Planung f\u00fcr jede unserer Touren aufgewendet wird.<\/p>\t\t\t\t\t\t\t\t<\/div>\n\t\t\t\t<\/div>\n\t\t\t\t<div class=\"elementor-element elementor-element-d293212 elementor-widget elementor-widget-spacer\" data-id=\"d293212\" data-element_type=\"widget\" data-e-type=\"widget\" data-widget_type=\"spacer.default\">\n\t\t\t\t<div class=\"elementor-widget-container\">\n\t\t\t\t\t\t\t<div class=\"elementor-spacer\">\n\t\t\t<div class=\"elementor-spacer-inner\"><\/div>\n\t\t<\/div>\n\t\t\t\t\t\t<\/div>\n\t\t\t\t<\/div>\n\t\t\t\t\t<\/div>\n\t\t<\/div>\n\t\t\t\t\t<\/div>\n\t\t<\/section>\n\t\t\t\t<\/div>\n\t\t","protected":false},"excerpt":{"rendered":"<p>Wer sind wir? DAS ROYAL MIRAGE TOURISM TEAM as Team von Royal Mirage Tourism m\u00f6chte Sie auf abenteuerliche, ma\u00dfgeschneiderte Reisen und perfekt geplante Touren in Dubai und in der Region einladen. Wir f\u00fchren Sie leidenschaftlich durch diese atemberaubende Stadt, die &hellip;<\/p>\n<p><a href=\"https:\/\/royalmiragetours.com\/de\/uber-uns\/\">Read More &raquo;<\/a><\/p>\n","protected":false},"author":3,"featured_media":0,"parent":0,"menu_order":0,"comment_status":"closed","ping_status":"closed","template":"skeleton.php","meta":{"_acf_changed":false,"footnotes":""},"class_list":["post-9526","page","type-page","status-publish","hentry"],"acf":[],"yoast_head":"<!-- This site is optimized with the Yoast SEO plugin v27.3 - https:\/\/yoast.com\/product\/yoast-seo-wordpress\/ -->\n<title>\u00dcber uns - Royal Mirage Tourism<\/title>\n<meta name=\"robots\" content=\"index, follow, max-snippet:-1, max-image-preview:large, max-video-preview:-1\" \/>\n<link rel=\"canonical\" href=\"https:\/\/www.royalmiragetours.com\/de\/uber-uns\/\" \/>\n<meta property=\"og:locale\" content=\"de_DE\" \/>\n<meta property=\"og:type\" content=\"article\" \/>\n<meta property=\"og:title\" content=\"\u00dcber uns - Royal Mirage Tourism\" \/>\n<meta property=\"og:description\" content=\"Wer sind wir? DAS ROYAL MIRAGE TOURISM TEAM as Team von Royal Mirage Tourism m\u00f6chte Sie auf abenteuerliche, ma\u00dfgeschneiderte Reisen und perfekt geplante Touren in Dubai und in der Region einladen. Wir f\u00fchren Sie leidenschaftlich durch diese atemberaubende Stadt, die &hellip;Read More &raquo;\" \/>\n<meta property=\"og:url\" content=\"https:\/\/www.royalmiragetours.com\/de\/uber-uns\/\" \/>\n<meta property=\"og:site_name\" content=\"Royal Mirage Tourism\" \/>\n<meta property=\"article:publisher\" content=\"https:\/\/www.facebook.com\/royalmiragetours\/\" \/>\n<meta property=\"article:modified_time\" content=\"2021-11-09T23:08:34+00:00\" \/>\n<meta property=\"og:image\" content=\"https:\/\/royalmiragetours.com\/wp-content\/uploads\/elementor\/thumbs\/1symbol-oh1nccblg48de5ztdqpvcnusep39b2cdoe9v1cdzgi.png\" \/>\n<meta name=\"twitter:card\" content=\"summary_large_image\" \/>\n<meta name=\"twitter:label1\" content=\"Gesch\u00e4tzte Lesezeit\" \/>\n\t<meta name=\"twitter:data1\" content=\"1\u00a0Minute\" \/>\n<script type=\"application\/ld+json\" class=\"yoast-schema-graph\">{\"@context\":\"https:\\\/\\\/schema.org\",\"@graph\":[{\"@type\":\"WebPage\",\"@id\":\"https:\\\/\\\/www.royalmiragetours.com\\\/de\\\/uber-uns\\\/\",\"url\":\"https:\\\/\\\/www.royalmiragetours.com\\\/de\\\/uber-uns\\\/\",\"name\":\"\u00dcber uns - Royal Mirage Tourism\",\"isPartOf\":{\"@id\":\"https:\\\/\\\/royalmiragetours.com\\\/#website\"},\"primaryImageOfPage\":{\"@id\":\"https:\\\/\\\/www.royalmiragetours.com\\\/de\\\/uber-uns\\\/#primaryimage\"},\"image\":{\"@id\":\"https:\\\/\\\/www.royalmiragetours.com\\\/de\\\/uber-uns\\\/#primaryimage\"},\"thumbnailUrl\":\"https:\\\/\\\/royalmiragetours.com\\\/wp-content\\\/uploads\\\/elementor\\\/thumbs\\\/1symbol-oh1nccblg48de5ztdqpvcnusep39b2cdoe9v1cdzgi.png\",\"datePublished\":\"2019-10-07T17:14:44+00:00\",\"dateModified\":\"2021-11-09T23:08:34+00:00\",\"breadcrumb\":{\"@id\":\"https:\\\/\\\/www.royalmiragetours.com\\\/de\\\/uber-uns\\\/#breadcrumb\"},\"inLanguage\":\"de\",\"potentialAction\":[{\"@type\":\"ReadAction\",\"target\":[\"https:\\\/\\\/www.royalmiragetours.com\\\/de\\\/uber-uns\\\/\"]}]},{\"@type\":\"ImageObject\",\"inLanguage\":\"de\",\"@id\":\"https:\\\/\\\/www.royalmiragetours.com\\\/de\\\/uber-uns\\\/#primaryimage\",\"url\":\"https:\\\/\\\/royalmiragetours.com\\\/wp-content\\\/uploads\\\/elementor\\\/thumbs\\\/1symbol-oh1nccblg48de5ztdqpvcnusep39b2cdoe9v1cdzgi.png\",\"contentUrl\":\"https:\\\/\\\/royalmiragetours.com\\\/wp-content\\\/uploads\\\/elementor\\\/thumbs\\\/1symbol-oh1nccblg48de5ztdqpvcnusep39b2cdoe9v1cdzgi.png\"},{\"@type\":\"BreadcrumbList\",\"@id\":\"https:\\\/\\\/www.royalmiragetours.com\\\/de\\\/uber-uns\\\/#breadcrumb\",\"itemListElement\":[{\"@type\":\"ListItem\",\"position\":1,\"name\":\"Home\",\"item\":\"https:\\\/\\\/royalmiragetours.com\\\/de\\\/\"},{\"@type\":\"ListItem\",\"position\":2,\"name\":\"\u00dcber uns\"}]},{\"@type\":\"WebSite\",\"@id\":\"https:\\\/\\\/royalmiragetours.com\\\/#website\",\"url\":\"https:\\\/\\\/royalmiragetours.com\\\/\",\"name\":\"Royal Mirage Tourism\",\"description\":\"\",\"potentialAction\":[{\"@type\":\"SearchAction\",\"target\":{\"@type\":\"EntryPoint\",\"urlTemplate\":\"https:\\\/\\\/royalmiragetours.com\\\/?s={search_term_string}\"},\"query-input\":{\"@type\":\"PropertyValueSpecification\",\"valueRequired\":true,\"valueName\":\"search_term_string\"}}],\"inLanguage\":\"de\"}]}<\/script>\n<!-- \/ Yoast SEO plugin. -->","yoast_head_json":{"title":"\u00dcber uns - Royal Mirage Tourism","robots":{"index":"index","follow":"follow","max-snippet":"max-snippet:-1","max-image-preview":"max-image-preview:large","max-video-preview":"max-video-preview:-1"},"canonical":"https:\/\/www.royalmiragetours.com\/de\/uber-uns\/","og_locale":"de_DE","og_type":"article","og_title":"\u00dcber uns - Royal Mirage Tourism","og_description":"Wer sind wir? DAS ROYAL MIRAGE TOURISM TEAM as Team von Royal Mirage Tourism m\u00f6chte Sie auf abenteuerliche, ma\u00dfgeschneiderte Reisen und perfekt geplante Touren in Dubai und in der Region einladen. Wir f\u00fchren Sie leidenschaftlich durch diese atemberaubende Stadt, die &hellip;Read More &raquo;","og_url":"https:\/\/www.royalmiragetours.com\/de\/uber-uns\/","og_site_name":"Royal Mirage Tourism","article_publisher":"https:\/\/www.facebook.com\/royalmiragetours\/","article_modified_time":"2021-11-09T23:08:34+00:00","og_image":[{"url":"https:\/\/royalmiragetours.com\/wp-content\/uploads\/elementor\/thumbs\/1symbol-oh1nccblg48de5ztdqpvcnusep39b2cdoe9v1cdzgi.png","type":"","width":"","height":""}],"twitter_card":"summary_large_image","twitter_misc":{"Gesch\u00e4tzte Lesezeit":"1\u00a0Minute"},"schema":{"@context":"https:\/\/schema.org","@graph":[{"@type":"WebPage","@id":"https:\/\/www.royalmiragetours.com\/de\/uber-uns\/","url":"https:\/\/www.royalmiragetours.com\/de\/uber-uns\/","name":"\u00dcber uns - Royal Mirage Tourism","isPartOf":{"@id":"https:\/\/royalmiragetours.com\/#website"},"primaryImageOfPage":{"@id":"https:\/\/www.royalmiragetours.com\/de\/uber-uns\/#primaryimage"},"image":{"@id":"https:\/\/www.royalmiragetours.com\/de\/uber-uns\/#primaryimage"},"thumbnailUrl":"https:\/\/royalmiragetours.com\/wp-content\/uploads\/elementor\/thumbs\/1symbol-oh1nccblg48de5ztdqpvcnusep39b2cdoe9v1cdzgi.png","datePublished":"2019-10-07T17:14:44+00:00","dateModified":"2021-11-09T23:08:34+00:00","breadcrumb":{"@id":"https:\/\/www.royalmiragetours.com\/de\/uber-uns\/#breadcrumb"},"inLanguage":"de","potentialAction":[{"@type":"ReadAction","target":["https:\/\/www.royalmiragetours.com\/de\/uber-uns\/"]}]},{"@type":"ImageObject","inLanguage":"de","@id":"https:\/\/www.royalmiragetours.com\/de\/uber-uns\/#primaryimage","url":"https:\/\/royalmiragetours.com\/wp-content\/uploads\/elementor\/thumbs\/1symbol-oh1nccblg48de5ztdqpvcnusep39b2cdoe9v1cdzgi.png","contentUrl":"https:\/\/royalmiragetours.com\/wp-content\/uploads\/elementor\/thumbs\/1symbol-oh1nccblg48de5ztdqpvcnusep39b2cdoe9v1cdzgi.png"},{"@type":"BreadcrumbList","@id":"https:\/\/www.royalmiragetours.com\/de\/uber-uns\/#breadcrumb","itemListElement":[{"@type":"ListItem","position":1,"name":"Home","item":"https:\/\/royalmiragetours.com\/de\/"},{"@type":"ListItem","position":2,"name":"\u00dcber uns"}]},{"@type":"WebSite","@id":"https:\/\/royalmiragetours.com\/#website","url":"https:\/\/royalmiragetours.com\/","name":"Royal Mirage Tourism","description":"","potentialAction":[{"@type":"SearchAction","target":{"@type":"EntryPoint","urlTemplate":"https:\/\/royalmiragetours.com\/?s={search_term_string}"},"query-input":{"@type":"PropertyValueSpecification","valueRequired":true,"valueName":"search_term_string"}}],"inLanguage":"de"}]}},"_links":{"self":[{"href":"https:\/\/royalmiragetours.com\/de\/wp-json\/wp\/v2\/pages\/9526","targetHints":{"allow":["GET"]}}],"collection":[{"href":"https:\/\/royalmiragetours.com\/de\/wp-json\/wp\/v2\/pages"}],"about":[{"href":"https:\/\/royalmiragetours.com\/de\/wp-json\/wp\/v2\/types\/page"}],"author":[{"embeddable":true,"href":"https:\/\/royalmiragetours.com\/de\/wp-json\/wp\/v2\/users\/3"}],"replies":[{"embeddable":true,"href":"https:\/\/royalmiragetours.com\/de\/wp-json\/wp\/v2\/comments?post=9526"}],"version-history":[{"count":17,"href":"https:\/\/royalmiragetours.com\/de\/wp-json\/wp\/v2\/pages\/9526\/revisions"}],"predecessor-version":[{"id":10055,"href":"https:\/\/royalmiragetours.com\/de\/wp-json\/wp\/v2\/pages\/9526\/revisions\/10055"}],"wp:attachment":[{"href":"https:\/\/royalmiragetours.com\/de\/wp-json\/wp\/v2\/media?parent=9526"}],"curies":[{"name":"wp","href":"https:\/\/api.w.org\/{rel}","templated":true}]}}